{"id":222,"date":"2026-04-07T15:50:32","date_gmt":"2026-04-07T15:50:32","guid":{"rendered":"http:\/\/www.drustvotripike.si\/?page_id=222"},"modified":"2026-05-01T11:18:28","modified_gmt":"2026-05-01T11:18:28","slug":"kritiski-odtisi","status":"publish","type":"page","link":"http:\/\/www.drustvotripike.si\/en\/kritiski-odtisi\/","title":{"rendered":"Kriti\u0161ki odtisi"},"content":{"rendered":"<p class=\"has-text-align-left\">Projekt Kriti\u0161ki odtisi je zasnovan kot procesno naravnana raziskovalna izku\u0161nja, namenjena mladim v zadnji triadi osnovne \u0161ole. Osredoto\u010da se na postopno spoznavanje razli\u010dnih umetni\u0161kih podro\u010dij ter na razvijanje osnovnih zmo\u017enosti refleksije skozi raznolike, mladim dostopne izrazne forme. Projekt poteka v manj\u0161em, stabilnem skupinskem formatu, ki udele\u017eencem omogo\u010da kontinuirano spremljanje in medsebojno izmenjavo izku\u0161enj.<br><br>V projekt je vklju\u010dena skupina deset mladih, starih med 12 in 15 let, ki med oktobrom in decembrom 2026 obi\u0161\u010de pet umetni\u0161kih dogodkov: filmski, vizualni, gledali\u0161ki, glasbeni in literarni. Vsak obisk spremlja strokovni mentor z ustreznega umetni\u0161kega podro\u010dja, ki udele\u017eencem uvodno predstavi osnovne koordinate izbranega dogodka, po ogledu pa vodi strukturiran pogovor.<br><br>Skupino ves \u010das, na vseh sre\u010danjih in ogledih, spremlja tudi krovni mentor, ki skrbi za kontinuiteto procesa ter za vzpostavljanje varnega, spro\u0161\u010denega in spodbudnega vzdu\u0161ja. Njegova stalna prisotnost omogo\u010da, da se skupina postopoma oblikuje v skupnost, v kateri se mladi la\u017eje izra\u017eajo, medsebojno poslu\u0161ajo in razvijajo zaupanje, potrebno za odprto refleksijo.<br><br>Po vsakem dogodku sledi faza refleksije, v kateri udele\u017eenci oblikujejo t. i. \u00bbkriti\u0161ke odtise\u00ab. Ti odtisi so lahko pisni, vizualni, zvo\u010dni ali multimedijski. Uporaba razli\u010dnih izraznih medijev omogo\u010da, da mladi izberejo obliko, ki jim je najbli\u017eja, ter na ta na\u010din zabele\u017eijo svoj odziv na umetni\u0161ko izku\u0161njo in osnovne elemente njenega razumevanja.<br><br>Zaklju\u010dni rezultat projekta je digitalni bilten, ki zdru\u017euje vse nastale odtise in predstavlja pregled procesa, ki so ga mladi razvijali skozi sre\u010devanja z umetnostjo. Bilten prikazuje raznolikost izraznih na\u010dinov, s katerimi je mogo\u010de zajeti in predstaviti umetni\u0161ko izku\u0161njo.<br><br>Vzporedno s tem strokovni mentorji posameznih podro\u010dij (film, vizualna umetnost, gledali\u0161\u010de, glasba, literatura) razvijejo pet kratkih orientacijskih gradiv, zasnovanih kot osnovne smernice za spremljanje posameznih umetni\u0161kih zvrsti. Gradiva nastajajo na podlagi izku\u0161enj s sre\u010danj ter strokovnega znanja mentorjev, ki sodelujejo v projektu.<\/p>\n\n\n\n<p>Projekt poteka v treh \u010dasovnih fazah. V juniju in septembru potekata javni poziv in izbor udele\u017eencev ter priprava mentorsko-organizacijskih okvirjev. V obdobju september-november sledijo obiski umetni\u0161kih dogodkov ter sprotno ustvarjanje odtisov. December je namenjen pripravi gradiv in urejanju zaklju\u010dnega digitalnega biltena. <br><br>Kriti\u0161ki odtisi vzpostavljajo celovit, jasno strukturiran proces, ki mladim omogo\u010da usmerjeno sre\u010devanje z umetnostjo, razvoj refleksivnega in kriti\u010dnega mi\u0161ljenja ter oblikovanje dokumentiranih odzivov v razli\u010dnih medijih.<br><\/p>","protected":false},"excerpt":{"rendered":"<p>Projekt Kriti\u0161ki odtisi je zasnovan kot procesno naravnana raziskovalna izku\u0161nja, namenjena mladim v zadnji triadi osnovne \u0161ole. Osredoto\u010da se na postopno spoznavanje razli\u010dnih umetni\u0161kih podro\u010dij ter na razvijanje osnovnih zmo\u017enosti refleksije skozi raznolike, mladim dostopne izrazne forme. Projekt poteka v manj\u0161em, stabilnem skupinskem formatu, ki udele\u017eencem omogo\u010da kontinuirano spremljanje in medsebojno izmenjavo izku\u0161enj. V projekt [&hellip;]<\/p>","protected":false},"author":1,"featured_media":0,"parent":0,"menu_order":0,"comment_status":"closed","ping_status":"closed","template":"","meta":{"footnotes":""},"class_list":["post-222","page","type-page","status-publish","hentry"],"_links":{"self":[{"href":"http:\/\/www.drustvotripike.si\/en\/wp-json\/wp\/v2\/pages\/222","targetHints":{"allow":["GET"]}}],"collection":[{"href":"http:\/\/www.drustvotripike.si\/en\/wp-json\/wp\/v2\/pages"}],"about":[{"href":"http:\/\/www.drustvotripike.si\/en\/wp-json\/wp\/v2\/types\/page"}],"author":[{"embeddable":true,"href":"http:\/\/www.drustvotripike.si\/en\/wp-json\/wp\/v2\/users\/1"}],"replies":[{"embeddable":true,"href":"http:\/\/www.drustvotripike.si\/en\/wp-json\/wp\/v2\/comments?post=222"}],"version-history":[{"count":3,"href":"http:\/\/www.drustvotripike.si\/en\/wp-json\/wp\/v2\/pages\/222\/revisions"}],"predecessor-version":[{"id":239,"href":"http:\/\/www.drustvotripike.si\/en\/wp-json\/wp\/v2\/pages\/222\/revisions\/239"}],"wp:attachment":[{"href":"http:\/\/www.drustvotripike.si\/en\/wp-json\/wp\/v2\/media?parent=222"}],"curies":[{"name":"wp","href":"https:\/\/api.w.org\/{rel}","templated":true}]}}