{"id":25,"date":"2025-12-10T12:37:29","date_gmt":"2025-12-10T12:37:29","guid":{"rendered":"https:\/\/www.drustvotripike.si\/?page_id=25"},"modified":"2026-01-22T21:14:55","modified_gmt":"2026-01-22T21:14:55","slug":"izobrazevanje","status":"publish","type":"page","link":"http:\/\/www.drustvotripike.si\/en\/izobrazevanje\/","title":{"rendered":"Education"},"content":{"rendered":"<p>Teaching French to different age groups. (individual or group lessons)<br>Teacher: Ma\u0161a Jazbec<\/p>\n\n\n\n<p>Teaching Slovenian to foreigners of different age groups.<br>(individually or in a group)<br>Teacher: Ma\u0161a Jazbec<\/p>\n\n\n\n<p>Professional training for teachers: incorporating theater techniques into foreign language teaching<br>Teacher: Ma\u0161a Jazbec<\/p>","protected":false},"excerpt":{"rendered":"<p>Pou\u010devanje franco\u0161\u010dine za razli\u010dne starostne skupine. (individualno ali v skupini)Izvajalka: Ma\u0161a Jazbec Pou\u010devanje sloven\u0161\u010dine za tujce za razli\u010dne starostne skupine.(individualno ali v skupini)Izvajalka: Ma\u0161a Jazbec Strokovno izobra\u017eevanje za pedago\u0161ke delavke in delavce: vklju\u010devanje gledali\u0161kih tehnik pri pou\u010devanju tujega jezikaIzvajalka: Ma\u0161a Jazbec<\/p>","protected":false},"author":1,"featured_media":0,"parent":0,"menu_order":0,"comment_status":"closed","ping_status":"closed","template":"","meta":{"footnotes":""},"class_list":["post-25","page","type-page","status-publish","hentry"],"_links":{"self":[{"href":"http:\/\/www.drustvotripike.si\/en\/wp-json\/wp\/v2\/pages\/25","targetHints":{"allow":["GET"]}}],"collection":[{"href":"http:\/\/www.drustvotripike.si\/en\/wp-json\/wp\/v2\/pages"}],"about":[{"href":"http:\/\/www.drustvotripike.si\/en\/wp-json\/wp\/v2\/types\/page"}],"author":[{"embeddable":true,"href":"http:\/\/www.drustvotripike.si\/en\/wp-json\/wp\/v2\/users\/1"}],"replies":[{"embeddable":true,"href":"http:\/\/www.drustvotripike.si\/en\/wp-json\/wp\/v2\/comments?post=25"}],"version-history":[{"count":2,"href":"http:\/\/www.drustvotripike.si\/en\/wp-json\/wp\/v2\/pages\/25\/revisions"}],"predecessor-version":[{"id":51,"href":"http:\/\/www.drustvotripike.si\/en\/wp-json\/wp\/v2\/pages\/25\/revisions\/51"}],"wp:attachment":[{"href":"http:\/\/www.drustvotripike.si\/en\/wp-json\/wp\/v2\/media?parent=25"}],"curies":[{"name":"wp","href":"https:\/\/api.w.org\/{rel}","templated":true}]}}