{"id":36,"date":"2025-12-10T12:37:49","date_gmt":"2025-12-10T12:37:49","guid":{"rendered":"https:\/\/www.drustvotripike.si\/?page_id=36"},"modified":"2026-01-31T12:04:29","modified_gmt":"2026-01-31T12:04:29","slug":"sprehod-med-knjige","status":"publish","type":"page","link":"http:\/\/www.drustvotripike.si\/en\/predstave\/sprehod-med-knjige\/","title":{"rendered":"Sprehod med knjige (5+)"},"content":{"rendered":"<p>Everything was peaceful and orderly in the town of books until one day something unexpected happened. The heroes began jumping from one book to another until there was complete chaos. Since no one knew where they were or where to go, they called a guide for help. Together with the children, she tries to help everyone return to their homes.<\/p>\n\n\n\n<p>Performed and narrated by Ma\u0161a Jazbec.<br>Produced by: Zavod Divja misel, Vodnikova doma\u010dija \u0160i\u0161ka in Ljubljana<br>In cooperation with KUD Tri pike<\/p>\n\n\n\n<figure class=\"wp-block-image size-large\"><img loading=\"lazy\" decoding=\"async\" width=\"1024\" height=\"683\" src=\"https:\/\/www.drustvotripike.si\/wp-content\/uploads\/2026\/01\/Matej-Pusnik-0228-1024x683.jpg\" alt=\"\" class=\"wp-image-152\" srcset=\"http:\/\/www.drustvotripike.si\/wp-content\/uploads\/2026\/01\/Matej-Pusnik-0228-1024x683.jpg 1024w, http:\/\/www.drustvotripike.si\/wp-content\/uploads\/2026\/01\/Matej-Pusnik-0228-300x200.jpg 300w, http:\/\/www.drustvotripike.si\/wp-content\/uploads\/2026\/01\/Matej-Pusnik-0228-768x512.jpg 768w, http:\/\/www.drustvotripike.si\/wp-content\/uploads\/2026\/01\/Matej-Pusnik-0228-1536x1024.jpg 1536w, http:\/\/www.drustvotripike.si\/wp-content\/uploads\/2026\/01\/Matej-Pusnik-0228-18x12.jpg 18w, http:\/\/www.drustvotripike.si\/wp-content\/uploads\/2026\/01\/Matej-Pusnik-0228.jpg 1920w\" sizes=\"auto, (max-width: 1024px) 100vw, 1024px\" \/><figcaption class=\"wp-element-caption\">Foto: Matej Pu\u0161nik<\/figcaption><\/figure>\n\n\n\n<figure class=\"wp-block-image size-large\"><img loading=\"lazy\" decoding=\"async\" width=\"1024\" height=\"683\" src=\"https:\/\/www.drustvotripike.si\/wp-content\/uploads\/2026\/01\/Matej-Pusnik-0233-1024x683.jpg\" alt=\"\" class=\"wp-image-153\" srcset=\"http:\/\/www.drustvotripike.si\/wp-content\/uploads\/2026\/01\/Matej-Pusnik-0233-1024x683.jpg 1024w, http:\/\/www.drustvotripike.si\/wp-content\/uploads\/2026\/01\/Matej-Pusnik-0233-300x200.jpg 300w, http:\/\/www.drustvotripike.si\/wp-content\/uploads\/2026\/01\/Matej-Pusnik-0233-768x512.jpg 768w, http:\/\/www.drustvotripike.si\/wp-content\/uploads\/2026\/01\/Matej-Pusnik-0233-1536x1024.jpg 1536w, http:\/\/www.drustvotripike.si\/wp-content\/uploads\/2026\/01\/Matej-Pusnik-0233-18x12.jpg 18w, http:\/\/www.drustvotripike.si\/wp-content\/uploads\/2026\/01\/Matej-Pusnik-0233.jpg 1920w\" sizes=\"auto, (max-width: 1024px) 100vw, 1024px\" \/><figcaption class=\"wp-element-caption\">Foto: Matej Pu\u0161nik<\/figcaption><\/figure>\n\n\n\n<figure class=\"wp-block-image size-large\"><img loading=\"lazy\" decoding=\"async\" width=\"683\" height=\"1024\" src=\"https:\/\/www.drustvotripike.si\/wp-content\/uploads\/2026\/01\/Matej-Pusnik-0109-683x1024.jpg\" alt=\"\" class=\"wp-image-155\" srcset=\"http:\/\/www.drustvotripike.si\/wp-content\/uploads\/2026\/01\/Matej-Pusnik-0109-683x1024.jpg 683w, http:\/\/www.drustvotripike.si\/wp-content\/uploads\/2026\/01\/Matej-Pusnik-0109-200x300.jpg 200w, http:\/\/www.drustvotripike.si\/wp-content\/uploads\/2026\/01\/Matej-Pusnik-0109-768x1152.jpg 768w, http:\/\/www.drustvotripike.si\/wp-content\/uploads\/2026\/01\/Matej-Pusnik-0109-1024x1536.jpg 1024w, http:\/\/www.drustvotripike.si\/wp-content\/uploads\/2026\/01\/Matej-Pusnik-0109-8x12.jpg 8w, http:\/\/www.drustvotripike.si\/wp-content\/uploads\/2026\/01\/Matej-Pusnik-0109.jpg 1280w\" sizes=\"auto, (max-width: 683px) 100vw, 683px\" \/><figcaption class=\"wp-element-caption\">Foto: Matej Pu\u0161nik<\/figcaption><\/figure>","protected":false},"excerpt":{"rendered":"<p>V mestu iz knjig je bilo vse mirno in urejeno, dokler se nekega dne ni zgodilo nekaj nepri\u010dakovanega. Junaki so za\u010deli skakati iz ene knjige v drugo, dokler ni nastala \u010disto prava zavozlana zme\u0161njava. Ker nih\u010de ni ve\u010d vedel ne kod ne kam, so na pomo\u010d poklicali vodi\u010dko. Skupaj z otroki posku\u0161a pomagati vsem, da [&hellip;]<\/p>","protected":false},"author":1,"featured_media":0,"parent":21,"menu_order":0,"comment_status":"closed","ping_status":"closed","template":"","meta":{"footnotes":""},"class_list":["post-36","page","type-page","status-publish","hentry"],"_links":{"self":[{"href":"http:\/\/www.drustvotripike.si\/en\/wp-json\/wp\/v2\/pages\/36","targetHints":{"allow":["GET"]}}],"collection":[{"href":"http:\/\/www.drustvotripike.si\/en\/wp-json\/wp\/v2\/pages"}],"about":[{"href":"http:\/\/www.drustvotripike.si\/en\/wp-json\/wp\/v2\/types\/page"}],"author":[{"embeddable":true,"href":"http:\/\/www.drustvotripike.si\/en\/wp-json\/wp\/v2\/users\/1"}],"replies":[{"embeddable":true,"href":"http:\/\/www.drustvotripike.si\/en\/wp-json\/wp\/v2\/comments?post=36"}],"version-history":[{"count":3,"href":"http:\/\/www.drustvotripike.si\/en\/wp-json\/wp\/v2\/pages\/36\/revisions"}],"predecessor-version":[{"id":156,"href":"http:\/\/www.drustvotripike.si\/en\/wp-json\/wp\/v2\/pages\/36\/revisions\/156"}],"up":[{"embeddable":true,"href":"http:\/\/www.drustvotripike.si\/en\/wp-json\/wp\/v2\/pages\/21"}],"wp:attachment":[{"href":"http:\/\/www.drustvotripike.si\/en\/wp-json\/wp\/v2\/media?parent=36"}],"curies":[{"name":"wp","href":"https:\/\/api.w.org\/{rel}","templated":true}]}}