{"id":9,"date":"2025-12-10T12:27:36","date_gmt":"2025-12-10T12:27:36","guid":{"rendered":"http:\/\/www.drustvotripike.si\/?page_id=9"},"modified":"2026-01-31T13:20:53","modified_gmt":"2026-01-31T13:20:53","slug":"o-nas","status":"publish","type":"page","link":"http:\/\/www.drustvotripike.si\/en\/o-nas\/","title":{"rendered":"About us"},"content":{"rendered":"<div class=\"wp-block-group has-global-padding is-layout-constrained wp-block-group-is-layout-constrained\">\n<p>The Tri pike Cultural and Artistic Association organizes activities such as education, theoretical research, pedagogical work, production, and promotion, with the aim of supporting artistic creation and cultural events in Ljubljana and beyond. The association brings together people who want to contribute to the development of art, currently focusing primarily on the fields of puppet theater and performing arts for children and young people, as well as storytelling events, while in the future we are also interested in delving deeper into the fields of illustration, literature, and film. We pay special attention to increasing the visibility of quality art from different cultures and languages by developing projects in the field of interculturalism and interlingualism, and by providing quality cultural and artistic education for all generations.<\/p>\n\n\n\n<p><br><strong>Our activities include:<\/strong><br>\u2013 Production and dramaturgy: we participate in the preparation, design, and execution of theater performances, performances, literary, and other cultural projects.<br>\u2013 Discussions and reflection: we organize discussions after performances, moderate debates, and offer critical reflection on cultural projects.<br>\u2013 Publishing: we prepare and distribute publications and digital content.<br>\u2013 International cooperation: we connect with similar associations and organizations at home and abroad, and encourage international exchanges and artist residencies.<\/p>\n\n\n\n<p><strong>Cultural and artistic education for children and young people<\/strong><br>At Tri pike, we believe that early exposure to culture and the arts is crucial for the development of creativity and critical thinking. That is why we offer a wide range of educational and creative programs for children and young people:<br>\u2013 Workshops and courses: theater and storytelling, interlingual communication.<br>\u2013 Creative projects: participation in the production of performances, performances, and cultural events.<br>\u2013 Promoting interculturalism: integrating different languages and cultures and developing empathy and understanding.<\/p>\n\n\n\n<p>Our programs are designed for individuals, school groups, and youth organizations.<\/p>\n<\/div>","protected":false},"excerpt":{"rendered":"<p>Kulturno-umetni\u0161ko dru\u0161tvo Tri pike je z organizacijo dejavnosti, kot so izobra\u017eevanja, teoretsko raziskovanje, pedago\u0161ko delo, produkcija in promocija, namenjeno podpiranju umetni\u0161kega ustvarjanja in kulturnega dogajanja v Ljubljani in \u0161ir\u0161e. Dru\u0161tvo zdru\u017euje ljudi, ki \u017eelijo prispevati k razvoju umetnosti, pri \u010demer se trenutno osredoto\u010da predvsem na polja lutkovnega gledali\u0161\u010da ter uprizoritvenih umetnosti za otroke in mladino [&hellip;]<\/p>","protected":false},"author":1,"featured_media":0,"parent":0,"menu_order":0,"comment_status":"closed","ping_status":"closed","template":"","meta":{"footnotes":""},"class_list":["post-9","page","type-page","status-publish","hentry"],"_links":{"self":[{"href":"http:\/\/www.drustvotripike.si\/en\/wp-json\/wp\/v2\/pages\/9","targetHints":{"allow":["GET"]}}],"collection":[{"href":"http:\/\/www.drustvotripike.si\/en\/wp-json\/wp\/v2\/pages"}],"about":[{"href":"http:\/\/www.drustvotripike.si\/en\/wp-json\/wp\/v2\/types\/page"}],"author":[{"embeddable":true,"href":"http:\/\/www.drustvotripike.si\/en\/wp-json\/wp\/v2\/users\/1"}],"replies":[{"embeddable":true,"href":"http:\/\/www.drustvotripike.si\/en\/wp-json\/wp\/v2\/comments?post=9"}],"version-history":[{"count":6,"href":"http:\/\/www.drustvotripike.si\/en\/wp-json\/wp\/v2\/pages\/9\/revisions"}],"predecessor-version":[{"id":207,"href":"http:\/\/www.drustvotripike.si\/en\/wp-json\/wp\/v2\/pages\/9\/revisions\/207"}],"wp:attachment":[{"href":"http:\/\/www.drustvotripike.si\/en\/wp-json\/wp\/v2\/media?parent=9"}],"curies":[{"name":"wp","href":"https:\/\/api.w.org\/{rel}","templated":true}]}}